{"id":3,"date":"2022-04-22T18:43:34","date_gmt":"2022-04-22T18:43:34","guid":{"rendered":"http:\/\/bs-belladerma.hr\/?page_id=3"},"modified":"2023-03-26T20:47:38","modified_gmt":"2023-03-26T19:47:38","slug":"privacy","status":"publish","type":"page","link":"https:\/\/bs-belladerma.hr\/hr\/privacy\/","title":{"rendered":"Izjava o Privatnosti"},"content":{"rendered":"<div class=\"wp-block-columns is-layout-flex wp-container-core-columns-is-layout-9d6595d7 wp-block-columns-is-layout-flex\"><\/div>\n\n\n\n<p>Ovim putem \u017eelimo Vas obavijestiti o na\u010dinu na koji postupamo s Va\u0161im osobnim podacima prilikom posjeta, odnosno kori\u0161tenja na\u0161e Web stranice. Pravna osnova za obradu Va\u0161ih osobnih podataka proizlazi iz \u010dinjenice da je takva obrada potrebna kako bi Vam bile dostupne funkcionalnosti Web stranice kao i informacije\/komunikacija o uslugama koje pru\u017eamo.<\/p>\n\n\n\n<div style=\"height:35px\" aria-hidden=\"true\" class=\"wp-block-spacer\"><\/div>\n\n\n\n<p><strong>VODITELJ OBRADE<br><\/strong>Ovu internetsku stranicu ( u daljnjem tekstu \u201eWeb stranica\u201c ) omogu\u0107ava, odr\u017eava, vodi i obra\u0111uje BEAUTY SALON BELLA DERMA, obrt za kozmeti\u010dke usluge, vl. Tanja Vituli\u0107, Pula, Uspon na Ka\u0161tel 2 ( u daljnjem tekstu \u201eBEAUTY SALON\u201c).<\/p>\n\n\n\n<p>Kontakt podaci:<br>BEAUTY SALON BELLA DERMA, vl. Tanja Vituli\u0107<br>Uspon na Ka\u0161tel 252100 Pula<br>OIB: 03986944796<br>MBO: 98394789<br>email: <a href=\"mailto:info@bs-belladerma.hr\" title=\"\">info@bs-belladerma.hr<\/a><br>tel: <a href=\"tel:+385958862448\" title=\"\">+385 95 886 24 48<\/a><\/p>\n\n\n\n<div style=\"height:35px\" aria-hidden=\"true\" class=\"wp-block-spacer\"><\/div>\n\n\n\n<p><strong>KORI\u0160TENJE WEB STRANICE<\/strong><br>Prilikom posjeta na Web stranicu, Va\u0161 internetski preglednik \u0107e prenijeti podatke na na\u0161 web poslu\u017eitelj. Kako bismo Vam mogli pru\u017eiti informacije, prijenos podataka se vr\u0161i iz tehni\u010dkih razloga. Kako bi Vam omogu\u0107ili pristup Web stranici, prikupljaju se i koriste za vrijeme posjeta Web stranici sljede\u0107i podaci:<\/p>\n\n\n\n<ul class=\"wp-block-list\">\n<li>IP adresa<\/li>\n\n\n\n<li>Datum i vrijeme pristupa<\/li>\n\n\n\n<li>Sadr\u017eaj zahtjeva<\/li>\n\n\n\n<li>HTTP status kod<\/li>\n\n\n\n<li>Koli\u010dina prenesenih podataka<\/li>\n\n\n\n<li>Web stranica koja zahtjeva pristup<\/li>\n\n\n\n<li>Vrstu i verziju internet preglednika i operativnog sustava, postavke jezika<\/li>\n<\/ul>\n\n\n\n<p>Gore navedeni podaci prate se i pohranjuju na odre\u0111eno vrijeme kako bi se za\u0161titili i mogli zapo\u010deti s pra\u0107enjem osobnih podataka u slu\u010daju ili poku\u0161aju nezakonitog, odnosno neovla\u0161tenog pristupa na\u0161im internetskim poslu\u017eiteljima.<\/p>\n\n\n\n<div style=\"height:35px\" aria-hidden=\"true\" class=\"wp-block-spacer\"><\/div>\n\n\n\n<p><strong>\u0160TO SU KOLA\u010cI\u0106I<br><\/strong>Ova Web stranica koristi \u201ekola\u010di\u0107e\u201c ( eng. Cookies ). Kola\u010di\u0107i su male tekstualne datoteke pohranjene u memoriju Va\u0161eg ure\u0111aja putem preglednika. Kola\u010di\u0107i pohranjuju odre\u0111ene informacije kao \u0161to su postavke jezika, postavke stranice, predmemorije Web stranice koje Va\u0161 pretra\u017eiva\u010d mo\u017ee ponovno nama prenijeti prilikom sljede\u0107eg posjeta stranici.<br>Za funkcionalan rad na\u0161e Web stranice, koristimo sljede\u0107e kola\u010di\u0107e:<\/p>\n\n\n\n<figure class=\"wp-block-table\" style=\"font-size:14px\"><table><tbody><tr><td><strong>Kola\u010di\u0107<\/strong><\/td><td><strong>Vijek trajanja<\/strong><\/td><td><strong>Opis<\/strong><\/td><\/tr><tr><td>DYNSRV<\/td><td>Vrijeme posjete Web stranice<\/td><td>Balansiranje optere\u0107enja s ciljem ispravnog rada i pona\u0161anja Web stranice<\/td><\/tr><tr><td>moove_gdpr_popup<\/td><td>12 mjeseci<\/td><td>Pam\u0107enje korisnikovog pristanka<\/td><\/tr><tr><td>YouTube<\/td><td>1 dan - 8 mjeseci<\/td><td>Na web stranici prikazujemo YouTube video. YouTube mo\u017ee na Va\u0161 ure\u0111aj spremiti kola\u010di\u0107e prilikom posjeta Web stranici.<br>Pru\u017eatelj kola\u010di\u0107a: YouTube<\/td><\/tr><tr><td>Google Analytics<\/td><td>12 mjeseci<\/td><td>Analiziranje posjete Web stranici dodjelom jedinstvenog, nasumi\u010dno generiranog ID-a Va\u0161em ure\u0111aju s kojim se Va\u0161 ure\u0111aj identificira prilikom idu\u0107e posjete stranici.<br>Pru\u017eatelj kola\u010di\u0107a: Google Inc.<\/td><\/tr><\/tbody><\/table><\/figure>\n\n\n\n<p>U postavkama Va\u0161eg preglednika mo\u017eete onemogu\u0107iti kola\u010di\u0107e ili odrediti koje kola\u010di\u0107e \u017eelite prihvatiti, a koje odbiti ( ukoliko preglednik dopu\u0161ta selektivne postavke kola\u010di\u0107a ). Mjesto ure\u0111ivanja postavki ovise o vrsti preglednika. Ako odlu\u010dite da ne \u017eelite prihvatiti kola\u010di\u0107e s Web stranice postoji mogu\u0107nost da se naru\u0161i funkcionalnost Web stranice, odnosno ne\u0107ete mo\u0107i koristiti odre\u0111ene funkcije na Web stranici.<\/p>\n\n\n\n<div style=\"height:35px\" aria-hidden=\"true\" class=\"wp-block-spacer\"><\/div>\n\n\n\n<p><strong>PRIKUPLJANJE I OBRADA OSOBNIH PODATAKA<br><\/strong>Prikupljamo Va\u0161e sljede\u0107e osobne podatke:<\/p>\n\n\n\n<ul class=\"wp-block-list\">\n<li>Ime i prezime<\/li>\n\n\n\n<li>Adresa<\/li>\n\n\n\n<li>Grad i po\u0161tanski broj<\/li>\n\n\n\n<li>Broj telefona i\/ili mobitela<\/li>\n\n\n\n<li>E-mail adresa<\/li>\n\n\n\n<li>OIB<\/li>\n<\/ul>\n\n\n\n<p>Osobne podatke prikupljamo samo ukoliko ste sami odlu\u010dili da nam ih pru\u017eite, odnosno dali privolu. Pru\u017eanjem podataka dajete suglasnost da voditelj zbirke Va\u0161e osobne podatke \u010duva, obra\u0111uje i koristi za sljede\u0107e namjene:<\/p>\n\n\n\n<ul class=\"wp-block-list\">\n<li>Provjera autenti\u010dnosti<\/li>\n\n\n\n<li>Realizacija kupovine<\/li>\n\n\n\n<li>Dostava robe<\/li>\n\n\n\n<li>Komunikacija s djelatnicima<\/li>\n\n\n\n<li>Prodaja roba i usluga<\/li>\n\n\n\n<li>Servis robe ili odradu uslu\u017ene djelatnosti<\/li>\n\n\n\n<li>Reklamacije<\/li>\n\n\n\n<li>Podr\u0161ka kupcu<\/li>\n\n\n\n<li>Prigovori<\/li>\n\n\n\n<li>Povijest kupovine, servisa ili reklamacije<\/li>\n\n\n\n<li>Pru\u017eanje zatra\u017eenih usluga<\/li>\n\n\n\n<li>Obavijesti o pitanjima vezanim za proizvod ili uslugu<\/li>\n<\/ul>\n\n\n\n<p>Voditelj obrade \u010duva povjerljivost Va\u0161ih osobnih podataka te omogu\u0107ava pristup i priop\u0107avanje Va\u0161ih osobnih podataka svojim zaposlenicima ili poslovnim partnerima ( npr. dostavna slu\u017eba, ovla\u0161teni servis ) kojima su isti potrebiti poradi provedbe njihovih poslovnih aktivnosti. Osobni podaci mogu se prenositi ostalim tre\u0107im stranama, pod uvjetom da postoji pravna osnova za prijenos, odnosno po nalogu zakonodavnog tijela.<br>Osobne podatke koje prikupimo, pohranjujemo dok se ostvaruje svrha obrade, osim ako va\u017ee\u0107im propisima nije za pojedinu svrhu predvi\u0111eno du\u017ee vrijeme \u010duvanja.<br>S Va\u0161im \u0107e se osobnim podacima postupati sukladno mjerodavnim propisima uz primjenu odgovaraju\u0107ih tehni\u010dkih i sigurnosnih mjera za\u0161tite osobnih podataka od neovla\u0161tenog pristupa, zlouporabe, gubitka ili uni\u0161tenja.<\/p>\n\n\n\n<div style=\"height:35px\" aria-hidden=\"true\" class=\"wp-block-spacer\"><\/div>\n\n\n\n<p><strong>OBRAZAC ZA KONTAKT<br><\/strong>Putem Web stranice, Va\u0161e osobne podatke prikupljamo preko obrasca za kontakt kroz koji se prikupljaju podaci kao \u0161to su ime i prezime, adresa i po\u0161tanski broj, mjesto, telefon, e-mail adresa te poruka s naslovom.<br>Potvr\u0111ujete da se sla\u017eete s obradom Va\u0161ih osobnih podataka odabirom obaveznog polja \u201ePro\u010ditao\/la sam Izjavu o privatnosti\u201c prilikom ispunjavanja kontakt forme.<br>Va\u0161e osobne podatke ustupljene preko kontakt obrasca prikupljamo, obra\u0111ujemo i koristimo isklju\u010divo za izvr\u0161enje Va\u0161eg specifi\u010dnog zahtjeva.<\/p>\n\n\n\n<div style=\"height:35px\" aria-hidden=\"true\" class=\"wp-block-spacer\"><\/div>\n\n\n\n<p><strong>PRAVA KORISNIKA\/STRANKE ( ISPITANIK )<br><\/strong>U skladu s promjenjivim propisima o za\u0161titi osobnih podataka, Va\u0161a su prava sljede\u0107a:<\/p>\n\n\n\n<ul class=\"wp-block-list\">\n<li>Pravo na informacije o Va\u0161im osobnim podacima koje smo pohranili<\/li>\n\n\n\n<li>Pravo na ispravak, brisanje ili ograni\u010davanje obrade Va\u0161ih osobnih podataka<\/li>\n\n\n\n<li>Pravo na prijenos podataka<\/li>\n\n\n\n<li>Pravo na podno\u0161enje \u017ealbe tijelu koje je nadle\u017eno za za\u0161titu podataka<\/li>\n\n\n\n<li>Pravo u bilo kojem trenutku opozvati Va\u0161u privolu vezanu uz prikupljanje, obradu i kori\u0161tenje osobnih podataka<\/li>\n<\/ul>\n\n\n\n<p>Opoziv privole ne utje\u010de na zakonitost obrade koja se temeljila na danoj privoli prije nego \u0161to je ista opozvana.<br>Ispitanik svoja navedena prava mo\u017ee podnijeti pisanim putem na gore navedenu adresu voditelja obrade.<\/p>\n\n\n\n<div style=\"height:38px\" aria-hidden=\"true\" class=\"wp-block-spacer\"><\/div>\n\n\n\n<p><strong>A\u017dURIRANJE IZJAVE O PRIVATNOSTI<br><\/strong>Bilo koje budu\u0107e promjene ove Izjave o privatnosti biti \u0107e objavljene na ovoj stranici.BEAUTY SALON zadr\u017eava pravo promijeniti, izmijeniti, dodati ili ukloniti dijelove ove Izjave o privatnosti u bilo kojem trenutku bez prethodne najave. Sve promjene, izmjene ili dopune stupaju na snagu u trenutku objave. Va\u0161a je obveza povremeno provjeravati ovu Izjavu o privatnosti za promjene.<\/p>\n\n\n\n<p>Zadnje a\u017euriranje Izjave o privatnosti: 25.04.2022<\/p>\n\n\n\n<p><\/p>","protected":false},"excerpt":{"rendered":"<p>We would like to inform you about how we handle your personal data when visiting or using our website. The legal basis for the processing of your personal data stems from the fact that such processing is necessary in order of the website to be displayed properly as well as information \/ communication about the [&hellip;]<\/p>","protected":false},"author":1,"featured_media":0,"parent":0,"menu_order":0,"comment_status":"closed","ping_status":"open","template":"","meta":{"_monsterinsights_skip_tracking":false,"_monsterinsights_sitenote_active":false,"_monsterinsights_sitenote_note":"","_monsterinsights_sitenote_category":0,"footnotes":""},"class_list":["post-3","page","type-page","status-publish","hentry"],"aioseo_notices":[],"_links":{"self":[{"href":"https:\/\/bs-belladerma.hr\/hr\/wp-json\/wp\/v2\/pages\/3","targetHints":{"allow":["GET"]}}],"collection":[{"href":"https:\/\/bs-belladerma.hr\/hr\/wp-json\/wp\/v2\/pages"}],"about":[{"href":"https:\/\/bs-belladerma.hr\/hr\/wp-json\/wp\/v2\/types\/page"}],"author":[{"embeddable":true,"href":"https:\/\/bs-belladerma.hr\/hr\/wp-json\/wp\/v2\/users\/1"}],"replies":[{"embeddable":true,"href":"https:\/\/bs-belladerma.hr\/hr\/wp-json\/wp\/v2\/comments?post=3"}],"version-history":[{"count":33,"href":"https:\/\/bs-belladerma.hr\/hr\/wp-json\/wp\/v2\/pages\/3\/revisions"}],"predecessor-version":[{"id":1055,"href":"https:\/\/bs-belladerma.hr\/hr\/wp-json\/wp\/v2\/pages\/3\/revisions\/1055"}],"wp:attachment":[{"href":"https:\/\/bs-belladerma.hr\/hr\/wp-json\/wp\/v2\/media?parent=3"}],"curies":[{"name":"wp","href":"https:\/\/api.w.org\/{rel}","templated":true}]}}