{"id":71,"date":"2018-06-01T07:48:46","date_gmt":"2018-06-01T07:48:46","guid":{"rendered":"http:\/\/demo.acmethemes.com\/beauty-studio\/?page_id=62"},"modified":"2022-06-21T15:18:06","modified_gmt":"2022-06-21T14:18:06","slug":"depilation","status":"publish","type":"page","link":"https:\/\/bs-belladerma.hr\/hr\/depilation\/","title":{"rendered":"Depilacija"},"content":{"rendered":"<p><\/p>\n\n\n\n<div class=\"wp-block-media-text alignwide has-media-on-the-right is-stacked-on-mobile is-vertically-aligned-top has-text-color has-background has-link-color wp-elements-4a38e454d52b70b60a9219312d5f0b86\" style=\"background-color:#121c1c;color:#fffdc7;grid-template-columns:auto 60%\"><figure class=\"wp-block-media-text__media\"><img loading=\"lazy\" decoding=\"async\" width=\"683\" height=\"1024\" src=\"http:\/\/bs-belladerma.hr\/wp-content\/uploads\/2022\/06\/14-683x1024.jpg\" alt=\"\" class=\"wp-image-905 size-full\" srcset=\"https:\/\/bs-belladerma.hr\/wp-content\/uploads\/2022\/06\/14-683x1024.jpg 683w, https:\/\/bs-belladerma.hr\/wp-content\/uploads\/2022\/06\/14-200x300.jpg 200w, https:\/\/bs-belladerma.hr\/wp-content\/uploads\/2022\/06\/14-768x1152.jpg 768w, https:\/\/bs-belladerma.hr\/wp-content\/uploads\/2022\/06\/14-1024x1536.jpg 1024w, https:\/\/bs-belladerma.hr\/wp-content\/uploads\/2022\/06\/14-1366x2048.jpg 1366w, https:\/\/bs-belladerma.hr\/wp-content\/uploads\/2022\/06\/14-8x12.jpg 8w, https:\/\/bs-belladerma.hr\/wp-content\/uploads\/2022\/06\/14.jpg 1707w\" sizes=\"auto, (max-width: 683px) 100vw, 683px\" \/><\/figure><div class=\"wp-block-media-text__content\">\n<div class=\"wp-block-group has-link-color wp-elements-484b95c82230cf9f5dbfe5ab11a80d6a\" style=\"padding-top:2em;padding-right:2em;padding-bottom:2em;padding-left:2em\"><div class=\"wp-block-group__inner-container is-layout-flow wp-block-group-is-layout-flow\">\n<h2 class=\"has-text-align-center has-luminous-vivid-amber-color has-text-color has-medium-font-size wp-block-heading\" style=\"font-weight:700;line-height:1.15\">Depilacija<\/h2>\n\n\n\n<div style=\"height:30px\" aria-hidden=\"true\" class=\"wp-block-spacer\"><\/div>\n\n\n\n<p class=\"has-text-align-left has-text-color has-link-color wp-elements-902d9da3bf1b54de5c54cb163faa2aee\" style=\"color:#fffdc7;font-size:18px;font-style:italic;font-weight:500\">Mo\u017eete birati izme\u0111u depilacije sa \u0161e\u0107erom, hladnim voskom te vosak u granulama za savr\u0161en izgled i glatku, njegovanu ko\u017eu.<\/p>\n<\/div><\/div>\n<\/div><\/div>","protected":false},"excerpt":{"rendered":"<p>Mo\u017eete birati izme\u0111u depilacije sa \u0161e\u0107erom, hladnim voskom te vosak u granulama za savr\u0161en izgled i glatku, njegovanu ko\u017eu.<\/p>","protected":false},"author":1,"featured_media":0,"parent":0,"menu_order":0,"comment_status":"closed","ping_status":"closed","template":"template-gutentor-canvas.php","meta":{"_monsterinsights_skip_tracking":false,"_monsterinsights_sitenote_active":false,"_monsterinsights_sitenote_note":"","_monsterinsights_sitenote_category":0,"footnotes":""},"class_list":["post-71","page","type-page","status-publish","hentry"],"aioseo_notices":[],"_links":{"self":[{"href":"https:\/\/bs-belladerma.hr\/hr\/wp-json\/wp\/v2\/pages\/71","targetHints":{"allow":["GET"]}}],"collection":[{"href":"https:\/\/bs-belladerma.hr\/hr\/wp-json\/wp\/v2\/pages"}],"about":[{"href":"https:\/\/bs-belladerma.hr\/hr\/wp-json\/wp\/v2\/types\/page"}],"author":[{"embeddable":true,"href":"https:\/\/bs-belladerma.hr\/hr\/wp-json\/wp\/v2\/users\/1"}],"replies":[{"embeddable":true,"href":"https:\/\/bs-belladerma.hr\/hr\/wp-json\/wp\/v2\/comments?post=71"}],"version-history":[{"count":13,"href":"https:\/\/bs-belladerma.hr\/hr\/wp-json\/wp\/v2\/pages\/71\/revisions"}],"predecessor-version":[{"id":979,"href":"https:\/\/bs-belladerma.hr\/hr\/wp-json\/wp\/v2\/pages\/71\/revisions\/979"}],"wp:attachment":[{"href":"https:\/\/bs-belladerma.hr\/hr\/wp-json\/wp\/v2\/media?parent=71"}],"curies":[{"name":"wp","href":"https:\/\/api.w.org\/{rel}","templated":true}]}}