{"id":73,"date":"2018-06-01T07:48:29","date_gmt":"2018-06-01T07:48:29","guid":{"rendered":"http:\/\/demo.acmethemes.com\/beauty-studio\/?page_id=60"},"modified":"2022-06-21T15:17:25","modified_gmt":"2022-06-21T14:17:25","slug":"body-treatments","status":"publish","type":"page","link":"https:\/\/bs-belladerma.hr\/hr\/body-treatments\/","title":{"rendered":"Tretmani tijela"},"content":{"rendered":"<div class=\"wp-block-columns is-layout-flex wp-container-core-columns-is-layout-9d6595d7 wp-block-columns-is-layout-flex\">\n<div class=\"wp-block-column is-vertically-aligned-center is-layout-flow wp-block-column-is-layout-flow\"><\/div>\n<\/div>\n\n\n\n<div class=\"wp-block-media-text alignwide has-media-on-the-right is-stacked-on-mobile is-vertically-aligned-top has-text-color has-background has-link-color wp-elements-5558ec3ab989fee29ecb484817dbc6fb\" style=\"background-color:#121c1c;color:#fffdc7;grid-template-columns:auto 60%\"><figure class=\"wp-block-media-text__media\"><img loading=\"lazy\" decoding=\"async\" width=\"1920\" height=\"2560\" src=\"http:\/\/bs-belladerma.hr\/wp-content\/uploads\/2022\/06\/24-768x1024.jpg\" alt=\"\" class=\"wp-image-915 size-medium\" srcset=\"https:\/\/bs-belladerma.hr\/wp-content\/uploads\/2022\/06\/24-768x1024.jpg 768w, https:\/\/bs-belladerma.hr\/wp-content\/uploads\/2022\/06\/24-225x300.jpg 225w, https:\/\/bs-belladerma.hr\/wp-content\/uploads\/2022\/06\/24-1152x1536.jpg 1152w, https:\/\/bs-belladerma.hr\/wp-content\/uploads\/2022\/06\/24-1536x2048.jpg 1536w, https:\/\/bs-belladerma.hr\/wp-content\/uploads\/2022\/06\/24-9x12.jpg 9w, https:\/\/bs-belladerma.hr\/wp-content\/uploads\/2022\/06\/24.jpg 1920w\" sizes=\"auto, (max-width: 1920px) 100vw, 1920px\" \/><\/figure><div class=\"wp-block-media-text__content\">\n<div class=\"wp-block-group has-link-color wp-elements-8b715dee420619cb8290e1749fdd5ce3\" style=\"padding-top:2em;padding-right:2em;padding-bottom:2em;padding-left:2em\"><div class=\"wp-block-group__inner-container is-layout-flow wp-block-group-is-layout-flow\">\n<h2 class=\"has-text-align-center has-luminous-vivid-amber-color has-text-color has-medium-font-size wp-block-heading\" style=\"font-weight:700;line-height:1.15\">Tretmani tijela<\/h2>\n\n\n\n<div style=\"height:29px\" aria-hidden=\"true\" class=\"wp-block-spacer\"><\/div>\n\n\n\n<p class=\"has-text-align-left has-text-color has-link-color wp-elements-02830f0bf2f84a7a37144169a4c0eac2\" style=\"color:#fffdc7;font-size:18px;font-style:italic;font-weight:500\">Our body accumulates our thoughts, our feelings, incorrect body positions, improper diet, inactivity or overforcing certain muscle groups\u2026 The fastest way to health and beauty is to take care of yourself. Essential oils are a gift of nature, technology is a gift of mankind and relaxation of thoughts is a gift to yourself \u2026 Our goal is to help you get rid of extra pounds, cellulite, sore back, swollen legs by choosing appropriate treatments and recommending changing lifestyle habits.<\/p>\n<\/div><\/div>\n<\/div><\/div>","protected":false},"excerpt":{"rendered":"<p>Na\u0161e tijelo akumulira nase misli, osje\u0107aje, nepravilne polozaje tijela,nepravilnu prehranu, neaktivnost ili pak preforsiranje pojedinih mi\u0161i\u0107nih skupina... \nNajbrzi put do zdravlja i ljepote je briga o sebi.  Eteri\u010dna ulja su dar prirode, tehnologija je dar \u010dovjeka,\nopu\u0161tanje  misli je dar samome sebi..\nNa\u0161 cilj je pomoci Vam  rje\u0161iti se...<\/p>","protected":false},"author":1,"featured_media":10,"parent":0,"menu_order":0,"comment_status":"closed","ping_status":"closed","template":"template-gutentor-canvas.php","meta":{"_monsterinsights_skip_tracking":false,"_monsterinsights_sitenote_active":false,"_monsterinsights_sitenote_note":"","_monsterinsights_sitenote_category":0,"footnotes":""},"class_list":["post-73","page","type-page","status-publish","has-post-thumbnail","hentry"],"aioseo_notices":[],"_links":{"self":[{"href":"https:\/\/bs-belladerma.hr\/hr\/wp-json\/wp\/v2\/pages\/73","targetHints":{"allow":["GET"]}}],"collection":[{"href":"https:\/\/bs-belladerma.hr\/hr\/wp-json\/wp\/v2\/pages"}],"about":[{"href":"https:\/\/bs-belladerma.hr\/hr\/wp-json\/wp\/v2\/types\/page"}],"author":[{"embeddable":true,"href":"https:\/\/bs-belladerma.hr\/hr\/wp-json\/wp\/v2\/users\/1"}],"replies":[{"embeddable":true,"href":"https:\/\/bs-belladerma.hr\/hr\/wp-json\/wp\/v2\/comments?post=73"}],"version-history":[{"count":36,"href":"https:\/\/bs-belladerma.hr\/hr\/wp-json\/wp\/v2\/pages\/73\/revisions"}],"predecessor-version":[{"id":978,"href":"https:\/\/bs-belladerma.hr\/hr\/wp-json\/wp\/v2\/pages\/73\/revisions\/978"}],"wp:featuredmedia":[{"embeddable":true,"href":"https:\/\/bs-belladerma.hr\/hr\/wp-json\/wp\/v2\/media\/10"}],"wp:attachment":[{"href":"https:\/\/bs-belladerma.hr\/hr\/wp-json\/wp\/v2\/media?parent=73"}],"curies":[{"name":"wp","href":"https:\/\/api.w.org\/{rel}","templated":true}]}}