{"id":75,"date":"2018-06-01T07:48:06","date_gmt":"2018-06-01T07:48:06","guid":{"rendered":"http:\/\/demo.acmethemes.com\/beauty-studio\/?page_id=58"},"modified":"2022-06-21T15:19:30","modified_gmt":"2022-06-21T14:19:30","slug":"facial-treatments","status":"publish","type":"page","link":"https:\/\/bs-belladerma.hr\/hr\/facial-treatments\/","title":{"rendered":"Tretmani lica"},"content":{"rendered":"<p class=\"has-drop-cap has-text-align-center\" style=\"text-transform:capitalize\">    <\/p>\n\n\n\n<div class=\"wp-block-group alignwide\"><div class=\"wp-block-group__inner-container is-layout-flow wp-block-group-is-layout-flow\">\n<div class=\"wp-block-columns is-layout-flex wp-container-core-columns-is-layout-9d6595d7 wp-block-columns-is-layout-flex\">\n<div class=\"wp-block-column is-layout-flow wp-block-column-is-layout-flow\"><\/div>\n<\/div>\n<\/div><\/div>\n\n\n\n<div class=\"wp-block-media-text alignwide is-stacked-on-mobile is-vertically-aligned-top has-text-color has-background has-link-color wp-elements-72140f91dd3fbc97dae82788deff6998\" style=\"background-color:#121c1c;color:#fffdc7;grid-template-columns:60% auto\"><figure class=\"wp-block-media-text__media\"><img loading=\"lazy\" decoding=\"async\" width=\"2560\" height=\"1707\" src=\"http:\/\/bs-belladerma.hr\/wp-content\/uploads\/2022\/06\/3-1024x683.jpg\" alt=\"\" class=\"wp-image-852 size-medium\" srcset=\"https:\/\/bs-belladerma.hr\/wp-content\/uploads\/2022\/06\/3-1024x683.jpg 1024w, https:\/\/bs-belladerma.hr\/wp-content\/uploads\/2022\/06\/3-300x200.jpg 300w, https:\/\/bs-belladerma.hr\/wp-content\/uploads\/2022\/06\/3-768x512.jpg 768w, https:\/\/bs-belladerma.hr\/wp-content\/uploads\/2022\/06\/3-1536x1024.jpg 1536w, https:\/\/bs-belladerma.hr\/wp-content\/uploads\/2022\/06\/3-2048x1366.jpg 2048w, https:\/\/bs-belladerma.hr\/wp-content\/uploads\/2022\/06\/3-18x12.jpg 18w\" sizes=\"auto, (max-width: 2560px) 100vw, 2560px\" \/><\/figure><div class=\"wp-block-media-text__content\">\n<div class=\"wp-block-group has-link-color wp-elements-04e66bbdca255f0b4af8e3126d18e425\" style=\"padding-top:2em;padding-right:2em;padding-bottom:2em;padding-left:2em\"><div class=\"wp-block-group__inner-container is-layout-flow wp-block-group-is-layout-flow\">\n<h1 class=\"has-text-align-center has-luminous-vivid-amber-color has-text-color has-medium-font-size wp-block-heading\" style=\"font-weight:700;line-height:1.15\">Tretmani lica<\/h1>\n\n\n\n<div style=\"height:30px\" aria-hidden=\"true\" class=\"wp-block-spacer\"><\/div>\n\n\n\n<p class=\"has-text-align-left has-text-color has-link-color wp-elements-4228863ef6c6d43ad659817261047b08\" style=\"color:#fffdc7;font-size:18px;font-style:italic;font-weight:500\">Njegovana i zdrava ko\u017ea je zahvalna i lak\u0161e se nosi s raznim nepogodnim faktorima(hormonalna neravnote\u017ea,o\u017eiljci od akna, znakovi starenja, stres, mrlje od sunca...)\nNekada se \u010dini da je lo\u0161e stanje ko\u017ee   rapidno uznapredovalo i to mo\u017ee poljuljati Va\u0161e samopouzdanje,te poljuljati osje\u0107aj o vlastitoj ljepoti.\nUpravo zbog toga je va\u017eno reagirati na vrijeme. Dolaskom na besplatnu konzultaciju te pregledom i analizom ko\u017ee, uzimaju\u0107i u obzir Va\u0161e \u017eelje i o\u010dekivanja donosimo odluku o najboljem tretmanu za Vas.\nUz pomo\u0107 najdjeljovornije tehnologije, kvalitetne kozmetike, ru\u010dnih masa\u017ea Va\u0161a ko\u017ea \u0107e dobiti najbolju njegu koja joj je potrebna.<\/p>\n<\/div><\/div>\n<\/div><\/div>","protected":false},"excerpt":{"rendered":"<p>Njegovana i zdrava ko\u017ea je zahvalna i lak\u0161e se nosi s raznim nepogodnim faktorima(hormonalna neravnote\u017ea,o\u017eiljci od akna, znakovi starenja, stres, mrlje od sunca...) Nekada se \u010dini da je lo\u0161e stanje ko\u017ee rapidno uznapredovalo i to mo\u017ee poljuljati Va\u0161e samopouzdanje,te poljuljati osje\u0107aj o vlastitoj ljepoti. Upravo zbog toga je va\u017eno...<\/p>","protected":false},"author":1,"featured_media":19,"parent":0,"menu_order":0,"comment_status":"closed","ping_status":"closed","template":"template-gutentor-canvas.php","meta":{"_monsterinsights_skip_tracking":false,"_monsterinsights_sitenote_active":false,"_monsterinsights_sitenote_note":"","_monsterinsights_sitenote_category":0,"footnotes":""},"class_list":["post-75","page","type-page","status-publish","has-post-thumbnail","hentry"],"aioseo_notices":[],"_links":{"self":[{"href":"https:\/\/bs-belladerma.hr\/hr\/wp-json\/wp\/v2\/pages\/75","targetHints":{"allow":["GET"]}}],"collection":[{"href":"https:\/\/bs-belladerma.hr\/hr\/wp-json\/wp\/v2\/pages"}],"about":[{"href":"https:\/\/bs-belladerma.hr\/hr\/wp-json\/wp\/v2\/types\/page"}],"author":[{"embeddable":true,"href":"https:\/\/bs-belladerma.hr\/hr\/wp-json\/wp\/v2\/users\/1"}],"replies":[{"embeddable":true,"href":"https:\/\/bs-belladerma.hr\/hr\/wp-json\/wp\/v2\/comments?post=75"}],"version-history":[{"count":113,"href":"https:\/\/bs-belladerma.hr\/hr\/wp-json\/wp\/v2\/pages\/75\/revisions"}],"predecessor-version":[{"id":981,"href":"https:\/\/bs-belladerma.hr\/hr\/wp-json\/wp\/v2\/pages\/75\/revisions\/981"}],"wp:featuredmedia":[{"embeddable":true,"href":"https:\/\/bs-belladerma.hr\/hr\/wp-json\/wp\/v2\/media\/19"}],"wp:attachment":[{"href":"https:\/\/bs-belladerma.hr\/hr\/wp-json\/wp\/v2\/media?parent=75"}],"curies":[{"name":"wp","href":"https:\/\/api.w.org\/{rel}","templated":true}]}}