{"id":924,"date":"2022-06-19T18:25:19","date_gmt":"2022-06-19T17:25:19","guid":{"rendered":"http:\/\/bs-belladerma.hr\/?page_id=924"},"modified":"2022-06-21T15:19:01","modified_gmt":"2022-06-21T14:19:01","slug":"dermapen","status":"publish","type":"page","link":"https:\/\/bs-belladerma.hr\/hr\/dermapen\/","title":{"rendered":"Dermapen"},"content":{"rendered":"<p><\/p>\n\n\n\n<div class=\"wp-block-media-text alignwide has-media-on-the-right is-stacked-on-mobile is-vertically-aligned-top has-text-color has-background has-link-color wp-elements-197ebf5bf588ba12d320ea855f963c10\" style=\"background-color:#121c1c;color:#fffdc7;grid-template-columns:auto 60%\"><figure class=\"wp-block-media-text__media\"><img loading=\"lazy\" decoding=\"async\" width=\"1024\" height=\"683\" src=\"http:\/\/bs-belladerma.hr\/wp-content\/uploads\/2022\/06\/5-1024x683.jpg\" alt=\"\" class=\"wp-image-857 size-medium\" srcset=\"https:\/\/bs-belladerma.hr\/wp-content\/uploads\/2022\/06\/5-1024x683.jpg 1024w, https:\/\/bs-belladerma.hr\/wp-content\/uploads\/2022\/06\/5-300x200.jpg 300w, https:\/\/bs-belladerma.hr\/wp-content\/uploads\/2022\/06\/5-768x512.jpg 768w, https:\/\/bs-belladerma.hr\/wp-content\/uploads\/2022\/06\/5-1536x1024.jpg 1536w, https:\/\/bs-belladerma.hr\/wp-content\/uploads\/2022\/06\/5-2048x1366.jpg 2048w, https:\/\/bs-belladerma.hr\/wp-content\/uploads\/2022\/06\/5-18x12.jpg 18w\" sizes=\"auto, (max-width: 1024px) 100vw, 1024px\" \/><\/figure><div class=\"wp-block-media-text__content\">\n<div class=\"wp-block-group has-link-color wp-elements-c74569489c9b105b0779a6ee78d7c12d\" style=\"padding-top:2em;padding-right:2em;padding-bottom:2em;padding-left:2em\"><div class=\"wp-block-group__inner-container is-layout-flow wp-block-group-is-layout-flow\">\n<h2 class=\"has-text-align-center has-luminous-vivid-amber-color has-text-color has-medium-font-size wp-block-heading\" style=\"font-weight:700;line-height:1.15\">Dermapen<\/h2>\n\n\n\n<div style=\"height:30px\" aria-hidden=\"true\" class=\"wp-block-spacer\"><\/div>\n\n\n\n<p class=\"has-text-align-left has-text-color has-link-color wp-elements-26b7da22cfbb6c24850a70e9ed0bbe8b\" style=\"color:#fffdc7;font-size:18px;font-style:italic;font-weight:500\">Tretman ko\u017ee dermapenom spada u najdjelotvornije metode podmla\u0111ivanja, osim klasi\u010dnog antiage efekta ovaj tretman osvje\u017eava lice i idealan je kod ubla\u017eavanja o\u017eiljaka.Dermapen na ko\u017ei stvara kontrolirane i programirane mikropukotine. Time aktivira ko\u017eu na stvaranje elasti\u010dnih i kolagenih vlakna na prirodan na\u010din. Na lice se nanose razne vrste sterilnih mezokoktela ovisno o priblematici koju \u017eelimo rje\u0161iti. Koriste se razli\u010dite du\u017eine iglica, dermapen mo\u017ee posti\u0107i mno\u0161tvo povoljnih rezultata. Ti rezultati se kre\u0107u od rje\u0161avanja problema sa povr\u0161inskom hidratacijom ko\u017ee i pobolj\u0161anja apsorpcije kozmeti\u010dkih preparata, sve do tretiranja i lje\u010denja ozbiljnijih problema.Tretiraju se slijede\u0107i problemi:<br> - Bore <br>- O\u017eiljci od akni <br>- Hiperpigmentacije ( fleke na ko\u017ei ) <br>- Otpadanje kose <br>- Strije <br>- Starenje ko\u017ee <br>- Su\u017eavanje pora <br>- Revitalizacija umorne ko\u017ee <br>- Uklanjanje akni <br>- Tretiranje celulita <br>- Pobolj\u0161anje tonusa ko\u017ee <br>- Pomla\u0111ivanje <br>- Regeneracija i biorevitalizacija ko\u017ee <br>Tretmani se izvode u periodu od 3 do 6 tjedana. Rezultati su vidljivi odmah nakon prvog tretmana.\nNakon tretmana ko\u017ea je crvena i malo upaljena. Par dana nakon tretmana treba izbjegavati sunce, fizi\u010dku aktivnost, sve vrste pilinga ili jakih preparata te je obavezno nano\u0161enje kreme sa za\u0161titnim faktorom.<\/p>\n<\/div><\/div>\n<\/div><\/div>","protected":false},"excerpt":{"rendered":"<p>Tretman ko\u017ee dermapenom spada u najdjelotvornije metode podmla\u0111ivanja, osim klasi\u010dnog antiage efekta ovaj tretman osvje\u017eava lice i idealan je kod ubla\u017eavanja o\u017eiljaka.Dermapen na ko\u017ei stvara kontrolirane i programirane mikropukotine. Time aktivira...<\/p>","protected":false},"author":1,"featured_media":22,"parent":0,"menu_order":0,"comment_status":"closed","ping_status":"closed","template":"template-gutentor-canvas.php","meta":{"_monsterinsights_skip_tracking":false,"_monsterinsights_sitenote_active":false,"_monsterinsights_sitenote_note":"","_monsterinsights_sitenote_category":0,"footnotes":""},"class_list":["post-924","page","type-page","status-publish","has-post-thumbnail","hentry"],"aioseo_notices":[],"_links":{"self":[{"href":"https:\/\/bs-belladerma.hr\/hr\/wp-json\/wp\/v2\/pages\/924","targetHints":{"allow":["GET"]}}],"collection":[{"href":"https:\/\/bs-belladerma.hr\/hr\/wp-json\/wp\/v2\/pages"}],"about":[{"href":"https:\/\/bs-belladerma.hr\/hr\/wp-json\/wp\/v2\/types\/page"}],"author":[{"embeddable":true,"href":"https:\/\/bs-belladerma.hr\/hr\/wp-json\/wp\/v2\/users\/1"}],"replies":[{"embeddable":true,"href":"https:\/\/bs-belladerma.hr\/hr\/wp-json\/wp\/v2\/comments?post=924"}],"version-history":[{"count":13,"href":"https:\/\/bs-belladerma.hr\/hr\/wp-json\/wp\/v2\/pages\/924\/revisions"}],"predecessor-version":[{"id":980,"href":"https:\/\/bs-belladerma.hr\/hr\/wp-json\/wp\/v2\/pages\/924\/revisions\/980"}],"wp:featuredmedia":[{"embeddable":true,"href":"https:\/\/bs-belladerma.hr\/hr\/wp-json\/wp\/v2\/media\/22"}],"wp:attachment":[{"href":"https:\/\/bs-belladerma.hr\/hr\/wp-json\/wp\/v2\/media?parent=924"}],"curies":[{"name":"wp","href":"https:\/\/api.w.org\/{rel}","templated":true}]}}