{"id":933,"date":"2022-06-19T18:56:30","date_gmt":"2022-06-19T17:56:30","guid":{"rendered":"http:\/\/bs-belladerma.hr\/?page_id=933"},"modified":"2022-06-21T15:19:59","modified_gmt":"2022-06-21T14:19:59","slug":"hydrodermabrasion","status":"publish","type":"page","link":"https:\/\/bs-belladerma.hr\/hr\/hydrodermabrasion\/","title":{"rendered":"Hidrodermoabrazija"},"content":{"rendered":"<p><\/p>\n\n\n\n<div class=\"wp-block-media-text alignwide is-stacked-on-mobile is-vertically-aligned-top has-text-color has-background has-link-color wp-elements-04f7ab6a9ac14535ee2cff127b13dd99\" style=\"background-color:#121c1c;color:#fffdc7;grid-template-columns:60% auto\"><figure class=\"wp-block-media-text__media\"><img loading=\"lazy\" decoding=\"async\" width=\"683\" height=\"1024\" src=\"http:\/\/bs-belladerma.hr\/wp-content\/uploads\/2022\/06\/2-1-683x1024.jpg\" alt=\"\" class=\"wp-image-855 size-medium\" srcset=\"https:\/\/bs-belladerma.hr\/wp-content\/uploads\/2022\/06\/2-1-683x1024.jpg 683w, https:\/\/bs-belladerma.hr\/wp-content\/uploads\/2022\/06\/2-1-200x300.jpg 200w, https:\/\/bs-belladerma.hr\/wp-content\/uploads\/2022\/06\/2-1-768x1152.jpg 768w, https:\/\/bs-belladerma.hr\/wp-content\/uploads\/2022\/06\/2-1-1024x1536.jpg 1024w, https:\/\/bs-belladerma.hr\/wp-content\/uploads\/2022\/06\/2-1-1366x2048.jpg 1366w, https:\/\/bs-belladerma.hr\/wp-content\/uploads\/2022\/06\/2-1-8x12.jpg 8w, https:\/\/bs-belladerma.hr\/wp-content\/uploads\/2022\/06\/2-1.jpg 1707w\" sizes=\"auto, (max-width: 683px) 100vw, 683px\" \/><\/figure><div class=\"wp-block-media-text__content\">\n<div class=\"wp-block-group has-link-color wp-elements-cb514d953e92983f0b41d56c3fa2bdac\" style=\"padding-top:2em;padding-right:2em;padding-bottom:2em;padding-left:2em\"><div class=\"wp-block-group__inner-container is-layout-flow wp-block-group-is-layout-flow\">\n<h2 class=\"has-text-align-center has-luminous-vivid-amber-color has-text-color has-medium-font-size wp-block-heading\" style=\"font-weight:700;line-height:1.15\">Hidrodermoabrazija<\/h2>\n\n\n\n<div style=\"height:30px\" aria-hidden=\"true\" class=\"wp-block-spacer\"><\/div>\n\n\n\n<p class=\"has-text-align-left has-text-color has-link-color wp-elements-35416bbf9b587e1792b5c36ed532fc48\" style=\"color:#fffdc7;font-size:18px;font-style:italic;font-weight:500\">Hidrodermoabrazija je postupak \u010di\u0161\u0107enja lica za \u017eene i mu\u0161karce. Tretman je brz, bezbolan i ugodan,su\u017eava pore, odstranjuje mitisere i ubla\u017cava bore, a istovremeno lije\u010di i pomla\u0111uje ko\u017eu koja postaje mekana, \u010dista i blistava.\n U hidrodermoabraziji se koriste posebno dizajnirani hidro-peel nastavci koji nje\u017eno lju\u0161te ko\u017eu u kombinaciji s vakumom za usisavanje. Hydrodermoabrazija dolazi sa tri vrste nastavaka- silikonski za osjetljivu ko\u017eu, plasti\u010dni za suhu i normalnu ko\u017eu i \ndijamantni za normalnu i masnu ko\u017eu. \nPored tri vrste nastavaka za bolji rezultat u odnosu na prethodnu generaciju brinu se tri vrste specijalnih otopina.\nS1 otopina slu\u017ei za omek\u0161avanje ko\u017ee i bazira se na mlje\u010dnoj kiselini, \nS2 otopina je blagi kemijski piling na bazi AHA i BHA kiselina, \nS3 je zavr\u0161na otpina na bazi hijalurona i peptida za dodatnu hidrataciju ko\u017ee i anti-age u\u010dinak. Nakon tretmana ko\u017ea nije iziritirana kao kod klasi\u010dnog \u010di\u0161\u0107enja lica. Preporu\u010da se svim dobnim skupinama.<\/p>\n<\/div><\/div>\n<\/div><\/div>","protected":false},"excerpt":{"rendered":"<p>Hidrodermoabrazija je postupak \u010di\u0161\u0107enja lica za \u017eene i mu\u0161karce. Tretman je brz, bezbolan i ugodan,su\u017eava pore, odstranjuje mitisere i ubla\u017cava bore, a istovremeno lije\u010di i pomla\u0111uje ko\u017eu koja postaje mekana, \u010dista i blistava.\n U hidrodermoabraziji se koriste posebno dizajnirani hidro-peel nastavci koji...<\/p>","protected":false},"author":1,"featured_media":22,"parent":0,"menu_order":0,"comment_status":"closed","ping_status":"closed","template":"template-gutentor-canvas.php","meta":{"_monsterinsights_skip_tracking":false,"_monsterinsights_sitenote_active":false,"_monsterinsights_sitenote_note":"","_monsterinsights_sitenote_category":0,"footnotes":""},"class_list":["post-933","page","type-page","status-publish","has-post-thumbnail","hentry"],"aioseo_notices":[],"_links":{"self":[{"href":"https:\/\/bs-belladerma.hr\/hr\/wp-json\/wp\/v2\/pages\/933","targetHints":{"allow":["GET"]}}],"collection":[{"href":"https:\/\/bs-belladerma.hr\/hr\/wp-json\/wp\/v2\/pages"}],"about":[{"href":"https:\/\/bs-belladerma.hr\/hr\/wp-json\/wp\/v2\/types\/page"}],"author":[{"embeddable":true,"href":"https:\/\/bs-belladerma.hr\/hr\/wp-json\/wp\/v2\/users\/1"}],"replies":[{"embeddable":true,"href":"https:\/\/bs-belladerma.hr\/hr\/wp-json\/wp\/v2\/comments?post=933"}],"version-history":[{"count":12,"href":"https:\/\/bs-belladerma.hr\/hr\/wp-json\/wp\/v2\/pages\/933\/revisions"}],"predecessor-version":[{"id":983,"href":"https:\/\/bs-belladerma.hr\/hr\/wp-json\/wp\/v2\/pages\/933\/revisions\/983"}],"wp:featuredmedia":[{"embeddable":true,"href":"https:\/\/bs-belladerma.hr\/hr\/wp-json\/wp\/v2\/media\/22"}],"wp:attachment":[{"href":"https:\/\/bs-belladerma.hr\/hr\/wp-json\/wp\/v2\/media?parent=933"}],"curies":[{"name":"wp","href":"https:\/\/api.w.org\/{rel}","templated":true}]}}